{"id":535,"date":"2019-11-14T13:45:45","date_gmt":"2019-11-14T12:45:45","guid":{"rendered":"http:\/\/www.terrassenkaffee.de\/?page_id=535"},"modified":"2019-11-18T09:35:45","modified_gmt":"2019-11-18T08:35:45","slug":"impressum","status":"publish","type":"page","link":"https:\/\/www.terrassenkaffee.de\/?page_id=535","title":{"rendered":"Impressum"},"content":{"rendered":"\n<style type=\"text\/css\" data-created_by=\"avia_inline_auto\" id=\"style-css-av-k2yps8r5-eb852765abcdc12b3f47fbef7b483642\">\n.flex_column.av-k2yps8r5-eb852765abcdc12b3f47fbef7b483642{\nborder-radius:0px 0px 0px 0px;\npadding:0px 0px 0px 0px;\n}\n<\/style>\n<div  class='flex_column av-k2yps8r5-eb852765abcdc12b3f47fbef7b483642 av_one_full  avia-builder-el-0  avia-builder-el-no-sibling  first no_margin flex_column_div av-zero-column-padding  '     ><section  class='av_textblock_section av-k2ypk90b-be956772ebbbfed1f47f8dbd9a77cb5d '   itemscope=\"itemscope\" itemtype=\"https:\/\/schema.org\/CreativeWork\" ><div class='avia_textblock'  itemprop=\"text\" ><p style=\"text-align: left;\">Gesetzlicher Vertreter:\u00a0Lothar Radke<br \/>\nSteuernummer: 084 &#8211; 253 &#8211; 2958<br \/>\nKulmstra\u00dfe 29 \u2022 17424 Heringsdorf<br \/>\nTelefon: 038378 &#8211; 22540 \u2022 Fax: 038378 &#8211; 80597<\/p>\n<p style=\"text-align: left;\">Inhaltlich Verantwortlich gem. \u00a7 6 MSdtV: Lothar Radke (Anschrift wie oben)<\/p>\n<div class=\"flex_column av_one_full flex_column_div av-zero-column-padding first avia-builder-el-2 el_after_av_heading avia-builder-el-last \">\n<section class=\"av_textblock_section \">\n<div class=\"avia_textblock \">\n<h3>Haftungsausschluss<\/h3>\n<p><strong>Haftung f\u00fcr Inhalte<\/strong><br \/>\nDie Inhalte unserer Seiten wurden mit gr\u00f6\u00dfter Sorgfalt erstellt. F\u00fcr die Richtigkeit, Vollst\u00e4ndigkeit und Aktualit\u00e4t der Inhalte k\u00f6nnen wir jedoch keine Gew\u00e4hr \u00fcbernehmen. Als Diensteanbieter sind wir gem\u00e4\u00df \u00a7 7 Abs.1 TMG f\u00fcr eigene Inhalte auf diesen Seiten nach den allgemeinen Gesetzen verantwortlich. Nach \u00a7\u00a7 8 bis 10 TMG sind wir als Diensteanbieter jedoch nicht verpflichtet, \u00fcbermittelte oder gespeicherte fremde Informationen zu \u00fcberwachen oder nach Umst\u00e4nden zu forschen, die auf eine rechtswidrige T\u00e4tigkeit hinweisen. Verpflichtungen zur Entfernung oder Sperrung der Nutzung von Informationen nach den allgemeinen Gesetzen bleiben hiervon unber\u00fchrt. Eine diesbez\u00fcgliche Haftung ist jedoch erst ab dem Zeitpunkt der Kenntnis einer konkreten Rechtsverletzung m\u00f6glich. Bei Bekanntwerden von entsprechenden Rechtsverletzungen werden wir diese Inhalte umgehend entfernen.<\/p>\n<p><strong>Haftung f\u00fcr Links<\/strong><br \/>\nUnser Angebot enth\u00e4lt Links zu externen Webseiten Dritter, auf deren Inhalte wir keinen Einfluss haben. Deshalb k\u00f6nnen wir f\u00fcr diese fremden Inhalte auch keine Gew\u00e4hr \u00fcbernehmen. F\u00fcr die Inhalte der verlinkten Seiten ist stets der jeweilige Anbieter oder Betreiber der Seiten verantwortlich. Die verlinkten Seiten wurden zum Zeitpunkt der Verlinkung auf m\u00f6gliche Rechtsverst\u00f6\u00dfe \u00fcberpr\u00fcft. Rechtswidrige Inhalte waren zum Zeitpunkt der Verlinkung nicht erkennbar. Eine permanente inhaltliche Kontrolle der verlinkten Seiten ist jedoch ohne konkrete Anhaltspunkte einer Rechtsverletzung nicht zumutbar. Bei Bekanntwerden von Rechtsverletzungen werden wir derartige Links umgehend entfernen.<\/p>\n<p><strong>Urheber- und Kennzeichenrecht<\/strong><br \/>\nDer Autor ist bestrebt, in allen Publikationen die Urheberrechte der verwendeten Bilder, Grafiken, Tondokumente, Videosequenzen\u00a0und Texte zu beachten, von ihm selbst erstellte Bilder, Grafiken, Tondokumente, Videosequenzen und Texte zu nutzen oder auf\u00a0lizenzfreie Grafiken, Tondokumente, Videosequenzen und Texte zur\u00fcckzugreifen. Alle innerhalb des Internetangebotes genannten\u00a0und ggf. durch Dritte gesch\u00fctzten Marken- und Warenzeichen unterliegen uneingeschr\u00e4nkt den Bestimmungen des jeweils g\u00fcltigen\u00a0Kennzeichenrechts und den Besitzrechten der jeweiligen eingetragenen Eigent\u00fcmer. Allein aufgrund der blo\u00dfen Nennung ist nicht\u00a0der Schluss zu ziehen, dass Markenzeichen nicht durch Rechte Dritter gesch\u00fctzt sind! Das Copyright f\u00fcr ver\u00f6ffentlichte, vom Autor\u00a0selbst erstellte Objekte bleibt allein beim Autor der Seiten. Eine Vervielf\u00e4ltigung oder Verwendung solcher Grafiken, Tondokumente,\u00a0Videosequenzen und Texte in anderen elektronischen oder gedruckten Publikationen ist ohne ausdr\u00fcckliche Zustimmung des Autors\u00a0nicht gestattet.<\/p>\n<p>Einzelne Bildquellen: Fotolia; Image by <a href=\"https:\/\/pixabay.com\/users\/VeriFone-7691980\/?utm_source=link-attribution&amp;utm_medium=referral&amp;utm_campaign=image&amp;utm_content=3082739\">VeriFone<\/a> from <a href=\"https:\/\/pixabay.com\/?utm_source=link-attribution&amp;utm_medium=referral&amp;utm_campaign=image&amp;utm_content=3082739\">Pixabay<\/a>; Image by <a href=\"https:\/\/pixabay.com\/users\/nickgesell-3554748\/?utm_source=link-attribution&amp;utm_medium=referral&amp;utm_campaign=image&amp;utm_content=1751866\">nickgesell<\/a> from <a href=\"https:\/\/pixabay.com\/?utm_source=link-attribution&amp;utm_medium=referral&amp;utm_campaign=image&amp;utm_content=1751866\">Pixabay<\/a>\u00a0;<\/p>\n<p><strong>Pflichtinformation nach der Verordnung (EU) Nr. 524\/2013 des Europ\u00e4ischen Parlaments und Rats:<\/strong><br \/>\nDie EU-Kommission stellt eine benutzerfreundliche Plattform zur Online-Beilegung von verbraucherrechtlichen Streitigkeiten, die sich aus dem online Verkauf von Waren oder der online Erbringung von Dienstleistungen ergeben (OS-Plattform), bereit. Die OS-Plattform ist unter folgendem Link erreichbar:\u00a0<a href=\"https:\/\/ec.europa.eu\/consumers\/odr\" data-cke-saved-href=\"https:\/\/ec.europa.eu\/consumers\/odr\">https:\/\/ec.europa.eu\/consumers\/odr<\/a><\/div>\n<\/section>\n<\/div>\n<\/div><\/section><\/div>\n","protected":false},"excerpt":{"rendered":"","protected":false},"author":1,"featured_media":0,"parent":0,"menu_order":0,"comment_status":"closed","ping_status":"closed","template":"template-blank.php","meta":{"footnotes":""},"class_list":["post-535","page","type-page","status-publish","hentry"],"_links":{"self":[{"href":"https:\/\/www.terrassenkaffee.de\/index.php?rest_route=\/wp\/v2\/pages\/535","targetHints":{"allow":["GET"]}}],"collection":[{"href":"https:\/\/www.terrassenkaffee.de\/index.php?rest_route=\/wp\/v2\/pages"}],"about":[{"href":"https:\/\/www.terrassenkaffee.de\/index.php?rest_route=\/wp\/v2\/types\/page"}],"author":[{"embeddable":true,"href":"https:\/\/www.terrassenkaffee.de\/index.php?rest_route=\/wp\/v2\/users\/1"}],"replies":[{"embeddable":true,"href":"https:\/\/www.terrassenkaffee.de\/index.php?rest_route=%2Fwp%2Fv2%2Fcomments&post=535"}],"version-history":[{"count":11,"href":"https:\/\/www.terrassenkaffee.de\/index.php?rest_route=\/wp\/v2\/pages\/535\/revisions"}],"predecessor-version":[{"id":652,"href":"https:\/\/www.terrassenkaffee.de\/index.php?rest_route=\/wp\/v2\/pages\/535\/revisions\/652"}],"wp:attachment":[{"href":"https:\/\/www.terrassenkaffee.de\/index.php?rest_route=%2Fwp%2Fv2%2Fmedia&parent=535"}],"curies":[{"name":"wp","href":"https:\/\/api.w.org\/{rel}","templated":true}]}}